{"id":2,"date":"2015-08-18T20:22:26","date_gmt":"2015-08-18T20:22:26","guid":{"rendered":"http:\/\/somotillo.net\/?page_id=2"},"modified":"2025-07-08T15:10:52","modified_gmt":"2025-07-08T15:10:52","slug":"sample","status":"publish","type":"page","link":"https:\/\/somotillo.net\/","title":{"rendered":"Portal"},"content":{"rendered":"\n<figure class=\"wp-block-image is-resized\"><img loading=\"lazy\" decoding=\"async\" width=\"1084\" height=\"1263\" src=\"https:\/\/somotillo.net\/wp-content\/uploads\/2025\/07\/Humberto-Juan-scaled-e1751985673507.jpg\" alt=\"\" class=\"wp-image-6664\" style=\"width:268px;height:auto\" srcset=\"https:\/\/somotillo.net\/wp-content\/uploads\/2025\/07\/Humberto-Juan-scaled-e1751985673507.jpg 1084w, https:\/\/somotillo.net\/wp-content\/uploads\/2025\/07\/Humberto-Juan-scaled-e1751985673507-257x300.jpg 257w, https:\/\/somotillo.net\/wp-content\/uploads\/2025\/07\/Humberto-Juan-scaled-e1751985673507-879x1024.jpg 879w, https:\/\/somotillo.net\/wp-content\/uploads\/2025\/07\/Humberto-Juan-scaled-e1751985673507-768x895.jpg 768w\" sizes=\"auto, (max-width: 1084px) 100vw, 1084px\" \/><\/figure>\n\n\n\n<p><b>SOMOTILLO<\/b>. Si no fuera un paso obligado en el tr\u00e1nsito de personas y mercader\u00edas entre Nicaragua y Honduras, Somotillo ser\u00eda quiz\u00e1s otro pueblo olvidado de Nicaragua<\/p>\n\n<p>La cercan\u00eda de la Aduana es lo que mantiene con vida a esta ciudad, ya que gran parte de su poblaci\u00f3n depende de los servicios que ofrece a los miles de comerciantes y turistas que diario cruzan las fronteras de ambos pa\u00edses\n\nPero, muy pocos de ellos saben que en 1856, en su asoleada plaza (Los Matapalos), se instal\u00f3 el gobierno del presidente legitimista Jos\u00e9 Mar\u00eda Estrada, durante la Guerra Nacional<\/p>\n\n<p>Pareciera que el tiempo no pasa frente al atrio de la Iglesia de Somotillo, donde lo \u00fanico nuevo en los \u00faltimos 144 a\u00f1os es el parque que adorna lo que antes era una amplia plaza vac\u00eda, donde los chavalos se divert\u00edan con juegos infantiles de la \u00e9poca.<\/p>\n\n&nbsp;Alrededor de este parque todav\u00eda est\u00e1n las mismas casas de cuarter\u00f3n, adobe y taquezal y muchos descendientes de las mismas familias que al amanecer del 21 de junio de 1856 despertaron con la noticia de que en su casi olvidado pueblo se hab\u00eda instalado el gobierno del Presidente Legitimista, doctor Jos\u00e9 Mar\u00eda Estrada, en pleno apogeo de la Guerra Nacional.\n<br><br>\nEn esa misma plaza, pero trece d\u00edas despu\u00e9s, el 4 de julio, los pobladores vieron acampar sudorosas y cansadas por la larga jornada, a las fuerzas enviadas por el gobierno de Guatemala en auxilio de Nicaragua, bajo el mando del General Mariano Paredes. Lo que sucedi\u00f3 durante la Guerra Nacional, es historia conocida.\n<br><br>\nDespu\u00e9s de aquellos memorables acontecimientos, pareciera que la historia se olvid\u00f3 de este lejano pueblo del Occidente nicarag\u00fcense, a tal punto, que de no ser porque es un paso obligado para llegar a la aduana fronteriza con Honduras, en El Guasaule, distante s\u00f3lo cinco kil\u00f3metros al nor-oeste, Somotillo ser\u00eda quiz\u00e1s, otro pueblo fantasma de Nicaragua.\n<br><br>\nLa cercan\u00eda de la Aduana es lo que mantiene con vida a esta ciudad, ya que gran parte de su poblaci\u00f3n depende de los servicios que ofrece a los miles de comerciantes y turistas que diario pasan las fronteras de ambos pa\u00edses.\n\nHoteles, pensiones, restaurantes, fritangas, tiendas, pulper\u00edas, bares, vulcanizadoras, panader\u00edas, barber\u00edas, quesilleras y hasta ciclotaxis, son parte de la gama de oficios y servicios que florecen a lo largo de la carretera Panamericana que bordea la ciudad.\n<br><br>\nUBICACION ESTRATEGICA\n<br><br>\nSomotillo est\u00e1 ubicado a 201 kil\u00f3metros de nuestra capital, Managua y tiene una poblaci\u00f3n de 32,583 habitantes, de los cuales 23,134 viven en el \u00e1rea rural y 9,449 habitan en el casco urbano. La principal actividad econ\u00f3mica de este municipio es la agricultura, siendo el ma\u00edz, el ajonjol\u00ed y el cultivo de sand\u00eda los rubros que generan mayores ingresos. Como la mayor\u00eda de las ciudades de Occidente, Somotillo, que pertenece al departamento de Chinandega; tambi\u00e9n es caliente y \u00e1rido, un lugar donde el viento azota con inclemencia en \u00e9pocas de verano, ocasi\u00f3n que muchos aprovechan para ir a darse un chapuz\u00f3n a los diferentes r\u00edos cercanos o viajan hasta las costas de Corinto para entregarse al placer de las brumosas aguas del Pac\u00edfico.\n<br><br>\nProblemas clim\u00e1ticos sumados a la falta de tratamiento a las cuencas de los r\u00edos han hecho de esta zona un \u00e1rea muy seca y de poca riqueza en sus suelos, son algunos elementos que ha incidido en el nivel de pobreza que padece la poblaci\u00f3n. A pesar de ello, en esta ciudad no existe el problema de delincuencia que padecen otras poblaciones del Pac\u00edfico, pues aqu\u00ed el \u00fanico problema son algunos bolitos que hacen esc\u00e1ndalo cuando andan alguna media de licor entre pecho y espalda.\n<br><br>\nDATOS DE SOMOTILLO\n<br><br>\nDepartamento: Chinandega.<br>\nPoblaci\u00f3n: 32,583 Habitantes.<br>\nExtensi\u00f3n territorial: 1,089 km 2.<br>\nFecha de Fundaci\u00f3n: 1,831.<br>\nProducci\u00f3n: Ajonjol\u00ed, ma\u00edz, camaronicultura, frijoles, sand\u00eda.<br>\nDistancia de Managua: 201 km. Distancia de Chinandega: 67 km.<br>\nL\u00edmites: Norte: Municipio Santo Tom\u00e1s y Rep\u00fablica de Honduras.<br>\nSur: Municipios de Chinandega y Moraz\u00e1n.<br>\nEste: Municipios San Francisco Cuaniquilapa, Cinco Pinos y Villa Nueva.<br>\nOeste: Municipio Moraz\u00e1n y Golfo de Fonseca.\n<br><br>\nInformacion tomada de <b>La Prensa Mosaico<\/b>\n\n\n\n<p><\/p>\n","protected":false},"excerpt":{"rendered":"<p>SOMOTILLO. Si no fuera un paso obligado en el tr\u00e1nsito de personas y mercader\u00edas entre Nicaragua y Honduras, Somotillo ser\u00eda quiz\u00e1s otro pueblo olvidado de Nicaragua La cercan\u00eda de la Aduana es lo que mantiene con vida a esta ciudad, ya que gran parte de su poblaci\u00f3n depende de los servicios que ofrece a los [&hellip;]<\/p>\n","protected":false},"author":1,"featured_media":0,"parent":0,"menu_order":0,"comment_status":"closed","ping_status":"closed","template":"","meta":{"_uag_custom_page_level_css":"","ngg_post_thumbnail":0,"footnotes":""},"class_list":["post-2","page","type-page","status-publish","hentry"],"uagb_featured_image_src":{"full":false,"thumbnail":false,"medium":false,"medium_large":false,"large":false,"1536x1536":false,"2048x2048":false,"et-page-search-thumb":false,"et-author-thumb":false,"et-blogimage-thumb":false,"et-featured-thumb":false,"et-blog-page-thumb":false,"et-gallery-page-thumb":false,"et-portfolio-medium-page-thumb":false,"et-portfolio-medium-portrait-page-thumb":false,"et-portfolio-small-page-thumb":false,"et-portfolio-small-portrait-page-thumb":false,"et-portfolio-large-page-thumb":false,"et-portfolio-large-portrait-page-thumb":false},"uagb_author_info":{"display_name":"wpengine","author_link":"https:\/\/somotillo.net\/?author=1"},"uagb_comment_info":0,"uagb_excerpt":"SOMOTILLO. Si no fuera un paso obligado en el tr\u00e1nsito de personas y mercader\u00edas entre Nicaragua y Honduras, Somotillo ser\u00eda quiz\u00e1s otro pueblo olvidado de Nicaragua La cercan\u00eda de la Aduana es lo que mantiene con vida a esta ciudad, ya que gran parte de su poblaci\u00f3n depende de los servicios que ofrece a los&hellip;","_links":{"self":[{"href":"https:\/\/somotillo.net\/index.php?rest_route=\/wp\/v2\/pages\/2","targetHints":{"allow":["GET"]}}],"collection":[{"href":"https:\/\/somotillo.net\/index.php?rest_route=\/wp\/v2\/pages"}],"about":[{"href":"https:\/\/somotillo.net\/index.php?rest_route=\/wp\/v2\/types\/page"}],"author":[{"embeddable":true,"href":"https:\/\/somotillo.net\/index.php?rest_route=\/wp\/v2\/users\/1"}],"replies":[{"embeddable":true,"href":"https:\/\/somotillo.net\/index.php?rest_route=%2Fwp%2Fv2%2Fcomments&post=2"}],"version-history":[{"count":0,"href":"https:\/\/somotillo.net\/index.php?rest_route=\/wp\/v2\/pages\/2\/revisions"}],"wp:attachment":[{"href":"https:\/\/somotillo.net\/index.php?rest_route=%2Fwp%2Fv2%2Fmedia&parent=2"}],"curies":[{"name":"wp","href":"https:\/\/api.w.org\/{rel}","templated":true}]}}